{"id":1431,"date":"2026-01-14T08:35:54","date_gmt":"2026-01-14T08:35:54","guid":{"rendered":"https:\/\/power-impact.com\/politique-de-confidentialite\/"},"modified":"2026-02-19T17:42:43","modified_gmt":"2026-02-19T17:42:43","slug":"politique-de-confidentialite","status":"publish","type":"page","link":"https:\/\/power-impact.com\/fr\/politique-de-confidentialite\/","title":{"rendered":"Politique de confidentialit\u00e9"},"content":{"rendered":"<style>.elementor-1431 .elementor-element.elementor-element-295181d{--display:flex;--flex-direction:column;--container-widget-width:100%;--container-widget-height:initial;--container-widget-flex-grow:0;--container-widget-align-self:initial;--flex-wrap-mobile:wrap;--overflow:hidden;--overlay-opacity:0.15;--padding-top:200px;--padding-bottom:100px;--padding-left:0px;--padding-right:0px;}.elementor-1431 .elementor-element.elementor-element-295181d:not(.elementor-motion-effects-element-type-background), .elementor-1431 .elementor-element.elementor-element-295181d > .elementor-motion-effects-container > .elementor-motion-effects-layer{background-color:var( --e-global-color-fdae169 );}.elementor-1431 .elementor-element.elementor-element-295181d::before, .elementor-1431 .elementor-element.elementor-element-295181d > .elementor-background-video-container::before, .elementor-1431 .elementor-element.elementor-element-295181d > .e-con-inner > .elementor-background-video-container::before, .elementor-1431 .elementor-element.elementor-element-295181d > .elementor-background-slideshow::before, .elementor-1431 .elementor-element.elementor-element-295181d > .e-con-inner > .elementor-background-slideshow::before, .elementor-1431 .elementor-element.elementor-element-295181d > .elementor-motion-effects-container > .elementor-motion-effects-layer::before{--background-overlay:'';background-image:url(\"https:\/\/power-impact.com\/wp-content\/uploads\/2026\/01\/pngtree-elegant-halftone-background-contemporary-black-gold-wallpaper-with-dotted-pattern-and-picture-image_15257298.png\");background-position:center center;background-repeat:no-repeat;background-size:cover;}.elementor-1431 .elementor-element.elementor-element-9a65b1b img{width:83%;}.elementor-1431 .elementor-element.elementor-element-9a65b1b{margin:0px 0px calc(var(--kit-widget-spacing, 0px) + 0px) 0px;width:100%;max-width:100%;top:-146.031px;}body:not(.rtl) .elementor-1431 .elementor-element.elementor-element-9a65b1b{left:-630.969px;}body.rtl .elementor-1431 .elementor-element.elementor-element-9a65b1b{right:-630.969px;}.elementor-1431 .elementor-element.elementor-element-274c846 img{width:83%;}.elementor-1431 .elementor-element.elementor-element-274c846{margin:0px 0px calc(var(--kit-widget-spacing, 0px) + 0px) 0px;width:100%;max-width:100%;top:-63.025px;--e-transform-flipX:-1;}body:not(.rtl) .elementor-1431 .elementor-element.elementor-element-274c846{left:697.025px;}body.rtl .elementor-1431 .elementor-element.elementor-element-274c846{right:697.025px;}.elementor-1431 .elementor-element.elementor-element-052726b{--display:flex;--align-items:center;--container-widget-width:calc( ( 1 - var( --container-widget-flex-grow ) ) * 100% );--gap:0px 0px;--row-gap:0px;--column-gap:0px;--padding-top:0px;--padding-bottom:0px;--padding-left:0px;--padding-right:0px;--z-index:2;}.elementor-1431 .elementor-element.elementor-element-d2d4a63{--display:flex;--padding-top:0px;--padding-bottom:0px;--padding-left:0px;--padding-right:0px;}.elementor-1431 .elementor-element.elementor-element-752387c .jeg-elementor-kit.jkit-heading{text-align:center;}.elementor-1431 .elementor-element.elementor-element-752387c .jeg-elementor-kit.jkit-heading .heading-title{font-family:var( --e-global-typography-78b6a84-font-family ), Sans-serif;font-size:var( --e-global-typography-78b6a84-font-size );font-weight:var( --e-global-typography-78b6a84-font-weight );line-height:var( --e-global-typography-78b6a84-line-height );letter-spacing:var( --e-global-typography-78b6a84-letter-spacing );word-spacing:var( --e-global-typography-78b6a84-word-spacing );color:var( --e-global-color-050bfde );}.elementor-1431 .elementor-element.elementor-element-752387c .jeg-elementor-kit.jkit-heading .heading-title > span.style-gradient{background-color:transparent;background-image:linear-gradient(146deg, var( --e-global-color-0737c8c ) 0%, var( --e-global-color-6133e2c ) 100%);}.elementor-1431 .elementor-element.elementor-element-752387c .jeg-elementor-kit.jkit-heading .heading-title > span{font-weight:400;}.elementor-1431 .elementor-element.elementor-element-752387c{margin:0px 0px calc(var(--kit-widget-spacing, 0px) + -25px) 0px;}.elementor-1431 .elementor-element.elementor-element-4416bbe0{--display:flex;}:root{--page-title-display:none;}@media(max-width:1024px){.elementor-1431 .elementor-element.elementor-element-295181d{--padding-top:160px;--padding-bottom:100px;--padding-left:30px;--padding-right:30px;}.elementor-1431 .elementor-element.elementor-element-9a65b1b img{width:90%;}body:not(.rtl) .elementor-1431 .elementor-element.elementor-element-9a65b1b{left:-387.969px;}body.rtl .elementor-1431 .elementor-element.elementor-element-9a65b1b{right:-387.969px;}.elementor-1431 .elementor-element.elementor-element-9a65b1b{top:108.969px;}body:not(.rtl) .elementor-1431 .elementor-element.elementor-element-274c846{left:376.016px;}body.rtl .elementor-1431 .elementor-element.elementor-element-274c846{right:376.016px;}.elementor-1431 .elementor-element.elementor-element-274c846{top:197.969px;}.elementor-1431 .elementor-element.elementor-element-752387c .jeg-elementor-kit.jkit-heading .heading-title{font-size:var( --e-global-typography-78b6a84-font-size );line-height:var( --e-global-typography-78b6a84-line-height );letter-spacing:var( --e-global-typography-78b6a84-letter-spacing );word-spacing:var( --e-global-typography-78b6a84-word-spacing );}.elementor-1431 .elementor-element.elementor-element-752387c{margin:0px 0px calc(var(--kit-widget-spacing, 0px) + -25px) 0px;}}@media(max-width:767px){.elementor-1431 .elementor-element.elementor-element-295181d::before, .elementor-1431 .elementor-element.elementor-element-295181d > .elementor-background-video-container::before, .elementor-1431 .elementor-element.elementor-element-295181d > .e-con-inner > .elementor-background-video-container::before, .elementor-1431 .elementor-element.elementor-element-295181d > .elementor-background-slideshow::before, .elementor-1431 .elementor-element.elementor-element-295181d > .e-con-inner > .elementor-background-slideshow::before, .elementor-1431 .elementor-element.elementor-element-295181d > .elementor-motion-effects-container > .elementor-motion-effects-layer::before{background-position:bottom right;background-size:cover;}.elementor-1431 .elementor-element.elementor-element-295181d{--padding-top:100px;--padding-bottom:100px;--padding-left:20px;--padding-right:20px;}.elementor-1431 .elementor-element.elementor-element-9a65b1b img{width:690%;max-width:600%;}.elementor-1431 .elementor-element.elementor-element-9a65b1b{width:100%;max-width:100%;top:-402.016px;}body:not(.rtl) .elementor-1431 .elementor-element.elementor-element-9a65b1b{left:-1379px;}body.rtl .elementor-1431 .elementor-element.elementor-element-9a65b1b{right:-1379px;}.elementor-1431 .elementor-element.elementor-element-274c846 img{width:600%;max-width:600%;}body:not(.rtl) .elementor-1431 .elementor-element.elementor-element-274c846{left:1268px;}body.rtl .elementor-1431 .elementor-element.elementor-element-274c846{right:1268px;}.elementor-1431 .elementor-element.elementor-element-274c846{top:1160px;}.elementor-1431 .elementor-element.elementor-element-752387c .jeg-elementor-kit.jkit-heading{text-align:center;}.elementor-1431 .elementor-element.elementor-element-752387c .jeg-elementor-kit.jkit-heading .heading-title{font-size:var( --e-global-typography-78b6a84-font-size );line-height:var( --e-global-typography-78b6a84-line-height );letter-spacing:var( --e-global-typography-78b6a84-letter-spacing );word-spacing:var( --e-global-typography-78b6a84-word-spacing );}.elementor-1431 .elementor-element.elementor-element-752387c{margin:0px 0px calc(var(--kit-widget-spacing, 0px) + -25px) 0px;}}<\/style>\t\t<div data-elementor-type=\"wp-page\" data-elementor-id=\"1431\" class=\"elementor elementor-1431 elementor-3\" data-elementor-post-type=\"page\">\n\t\t\t\t<div class=\"elementor-element elementor-element-295181d e-flex e-con-boxed e-con e-parent\" data-id=\"295181d\" data-element_type=\"container\" data-e-type=\"container\" data-settings=\"{&quot;background_background&quot;:&quot;classic&quot;}\">\n\t\t\t\t\t<div class=\"e-con-inner\">\n\t\t<div class=\"elementor-element elementor-element-052726b e-con-full e-flex e-con e-child\" data-id=\"052726b\" data-element_type=\"container\" data-e-type=\"container\">\n\t\t<div class=\"elementor-element elementor-element-d2d4a63 e-con-full e-flex e-con e-child\" data-id=\"d2d4a63\" data-element_type=\"container\" data-e-type=\"container\">\n\t\t\t\t<div class=\"elementor-element elementor-element-752387c elementor-widget elementor-widget-jkit_heading\" data-id=\"752387c\" data-element_type=\"widget\" data-e-type=\"widget\" data-widget_type=\"jkit_heading.default\">\n\t\t\t\t\t<div  class=\"jeg-elementor-kit jkit-heading  align-center align-tablet- align-mobile-center jeg_module___69ddc0604adcd\" ><div class=\"heading-section-title  display-inline-block\"><h2 class=\"heading-title\"><span class=\"style-gradient\"><span>Politique de confidentialit\u00e9<\/span><\/span><\/h2><\/div><\/div>\t\t\t\t<\/div>\n\t\t\t\t<\/div>\n\t\t\t\t<\/div>\n\t\t\t\t\t<\/div>\n\t\t\t\t<\/div>\n\t\t<div class=\"elementor-element elementor-element-4416bbe0 legal-doc e-flex e-con-boxed e-con e-parent\" data-id=\"4416bbe0\" data-element_type=\"container\" data-e-type=\"container\">\n\t\t\t\t\t<div class=\"e-con-inner\">\n\t\t\t\t<div class=\"elementor-element elementor-element-08fc10e elementor-widget elementor-widget-text-editor\" data-id=\"08fc10e\" data-element_type=\"widget\" data-e-type=\"widget\" data-widget_type=\"text-editor.default\">\n\t\t\t\t\t\t\t\t\t<h2>Responsable du traitement<\/h2><p><span style=\"font-weight: 400;\">Nom de l&rsquo;entreprise :<\/span><span style=\"font-weight: 400;\"> BRAINBOX &amp; CO<\/span><span style=\"font-weight: 400;\"><br><\/span><span style=\"font-weight: 400;\">E-mail de contact :<\/span><span style=\"font-weight: 400;\"> lina@power-impact.com<\/span><\/p><h2>Donn\u00e9es personnelles collect\u00e9es<\/h2><p><span style=\"font-weight: 400;\">Lors de la prise de rendez-vous ou lorsque vous nous contactez via le formulaire, les donn\u00e9es suivantes peuvent \u00eatre collect\u00e9es :<\/span><\/p><ul><li style=\"font-weight: 400;\" aria-level=\"1\"><span style=\"font-weight: 400;\">Nom et pr\u00e9nom<\/span><\/li><li style=\"font-weight: 400;\" aria-level=\"1\"><span style=\"font-weight: 400;\">Adresse e-mail<\/span><\/li><li style=\"font-weight: 400;\" aria-level=\"1\"><span style=\"font-weight: 400;\">Num\u00e9ro de t\u00e9l\u00e9phone<\/span><\/li><li style=\"font-weight: 400;\" aria-level=\"1\"><span style=\"font-weight: 400;\">Informations relatives \u00e0 votre demande ou projet<\/span><\/li><\/ul><h2>Finalit\u00e9 du traitement des donn\u00e9es<\/h2><p><span style=\"font-weight: 400;\">Les donn\u00e9es personnelles sont collect\u00e9es aux fins suivantes :<\/span><\/p><ul><li style=\"font-weight: 400;\" aria-level=\"1\"><span style=\"font-weight: 400;\">Prise de rendez-vous et gestion de la relation client<\/span><\/li><li style=\"font-weight: 400;\" aria-level=\"1\"><span style=\"font-weight: 400;\">Communication avec les clients potentiels ou existants<\/span><\/li><li style=\"font-weight: 400;\" aria-level=\"1\"><span style=\"font-weight: 400;\">R\u00e9ponse aux demandes et aux requ\u00eates li\u00e9es aux services<\/span><\/li><\/ul><h2>Base l\u00e9gale du traitement<\/h2><p><span style=\"font-weight: 400;\">Le traitement des donn\u00e9es est bas\u00e9 sur :<\/span><\/p><ul><li style=\"font-weight: 400;\" aria-level=\"1\"><span style=\"font-weight: 400;\">Votre consentement explicite (via une case \u00e0 cocher obligatoire lors de la soumission du formulaire)<\/span><\/li><li style=\"font-weight: 400;\" aria-level=\"1\"><span style=\"font-weight: 400;\">L\u2019ex\u00e9cution d\u2019un contrat ou de mesures pr\u00e9contractuelles \u00e0 votre demande<\/span><\/li><li style=\"font-weight: 400;\" aria-level=\"1\"><span style=\"font-weight: 400;\">Nos int\u00e9r\u00eats commerciaux l\u00e9gitimes \u00e0 g\u00e9rer les relations clients et \u00e0 r\u00e9pondre aux demandes, lorsque ces int\u00e9r\u00eats ne pr\u00e9valent pas sur vos droits et libert\u00e9s fondamentaux<\/span><\/li><\/ul><h2>Destinataires des donn\u00e9es<\/h2><p><span style=\"font-weight: 400;\">Les donn\u00e9es personnelles peuvent \u00eatre consult\u00e9es par :<\/span><\/p><ul><li style=\"font-weight: 400;\" aria-level=\"1\"><span style=\"font-weight: 400;\">Le personnel interne autoris\u00e9 de BRAINBOX &amp; CO<\/span><\/li><li style=\"font-weight: 400;\" aria-level=\"1\"><span style=\"font-weight: 400;\">Calendly (service de prise de rendez-vous \u2013 \u00c9tats-Unis)<\/span><\/li><li style=\"font-weight: 400;\" aria-level=\"1\"><span style=\"font-weight: 400;\">Infomaniak Network SA (h\u00e9bergeur \u2013 Suisse)<\/span><\/li><\/ul><h2>Transferts internationaux de donn\u00e9es<\/h2><p><span style=\"font-weight: 400;\">Calendly (\u00c9tats-Unis) :<\/span><span style=\"font-weight: 400;\"><br><\/span><span style=\"font-weight: 400;\">Nous utilisons Calendly pour la prise de rendez-vous. Ce service traite les donn\u00e9es personnelles aux \u00c9tats-Unis. Les transferts de donn\u00e9es sont prot\u00e9g\u00e9s par :<\/span><\/p><ul><li style=\"font-weight: 400;\" aria-level=\"1\"><span style=\"font-weight: 400;\">Les clauses contractuelles types (CCT) approuv\u00e9es par la Commission europ\u00e9enne, et\/ou<\/span><\/li><li style=\"font-weight: 400;\" aria-level=\"1\"><span style=\"font-weight: 400;\">La participation de Calendly au Cadre de confidentialit\u00e9 des donn\u00e9es UE-\u00c9tats-Unis<\/span><\/li><\/ul><p><span style=\"font-weight: 400;\">Ces garanties assurent un niveau de protection ad\u00e9quat \u00e9quivalent \u00e0 celui garanti par les lois suisses et europ\u00e9ennes sur la protection des donn\u00e9es.<\/span><\/p><p><span style=\"font-weight: 400;\">Infomaniak (Suisse) :<\/span><span style=\"font-weight: 400;\"><br><\/span><span style=\"font-weight: 400;\">Notre h\u00e9bergeur, Infomaniak Network SA, est bas\u00e9 en Suisse (Gen\u00e8ve) et stocke les donn\u00e9es en Suisse. Aucun transfert international de donn\u00e9es n\u2019a lieu pour les services d\u2019h\u00e9bergement.<\/span><\/p><h2>Dur\u00e9e de conservation des donn\u00e9es<\/h2><p><span style=\"font-weight: 400;\">Les donn\u00e9es personnelles sont conserv\u00e9es pendant <\/span><span style=\"font-weight: 400;\">3 ans<\/span><span style=\"font-weight: 400;\"> \u00e0 compter du dernier contact avec vous, sauf si :<\/span><\/p><ul><li style=\"font-weight: 400;\" aria-level=\"1\"><span style=\"font-weight: 400;\">Une obligation l\u00e9gale de conservation plus longue s\u2019applique, ou<\/span><\/li><li style=\"font-weight: 400;\" aria-level=\"1\"><span style=\"font-weight: 400;\">Vous demandez une suppression anticip\u00e9e<\/span><\/li><\/ul><h2>Vos droits<\/h2><p><span style=\"font-weight: 400;\">Conform\u00e9ment aux lois applicables en mati\u00e8re de protection des donn\u00e9es (y compris le R\u00e8glement g\u00e9n\u00e9ral sur la protection des donn\u00e9es de l\u2019UE et la Loi f\u00e9d\u00e9rale suisse sur la protection des donn\u00e9es), vous avez le droit de :<\/span><\/p><ul><li style=\"font-weight: 400;\" aria-level=\"1\"><span style=\"font-weight: 400;\">Acc\u00e9der<\/span><span style=\"font-weight: 400;\"> \u00e0 vos donn\u00e9es personnelles<\/span><\/li><li style=\"font-weight: 400;\" aria-level=\"1\"><span style=\"font-weight: 400;\">Rectifier<\/span><span style=\"font-weight: 400;\"> les donn\u00e9es inexactes ou incompl\u00e8tes<\/span><\/li><li style=\"font-weight: 400;\" aria-level=\"1\"><span style=\"font-weight: 400;\">Demander l\u2019effacement<\/span><span style=\"font-weight: 400;\"> de vos donn\u00e9es<\/span><\/li><li style=\"font-weight: 400;\" aria-level=\"1\"><span style=\"font-weight: 400;\">Restreindre<\/span><span style=\"font-weight: 400;\"> le traitement de vos donn\u00e9es<\/span><\/li><li style=\"font-weight: 400;\" aria-level=\"1\"><span style=\"font-weight: 400;\">Vous opposer<\/span><span style=\"font-weight: 400;\"> au traitement de vos donn\u00e9es<\/span><\/li><li style=\"font-weight: 400;\" aria-level=\"1\"><span style=\"font-weight: 400;\">Demander la portabilit\u00e9 des donn\u00e9es<\/span><span style=\"font-weight: 400;\"> (recevoir vos donn\u00e9es dans un format structur\u00e9 et couramment utilis\u00e9)<\/span><\/li><li style=\"font-weight: 400;\" aria-level=\"1\"><span style=\"font-weight: 400;\">Retirer votre consentement<\/span><span style=\"font-weight: 400;\"> \u00e0 tout moment (sans affecter la lic\u00e9it\u00e9 du traitement fond\u00e9 sur le consentement avant son retrait)<\/span><\/li><\/ul><h2>Comment exercer vos droits<\/h2><p><span style=\"font-weight: 400;\">Vous pouvez exercer vos droits \u00e0 tout moment en nous contactant \u00e0 l\u2019adresse suivante :<\/span><span style=\"font-weight: 400;\"><br><\/span><span style=\"font-weight: 400;\">lina@power-impact.com<\/span><\/p><p><span style=\"font-weight: 400;\">Nous r\u00e9pondrons \u00e0 votre demande dans les <\/span><span style=\"font-weight: 400;\">30 jours<\/span><span style=\"font-weight: 400;\"> suivant sa r\u00e9ception.<\/span><\/p><h2>Plaintes<\/h2><p><span style=\"font-weight: 400;\">Si vous estimez que vos droits ont \u00e9t\u00e9 viol\u00e9s, vous pouvez d\u00e9poser une plainte aupr\u00e8s de l\u2019autorit\u00e9 comp\u00e9tente en mati\u00e8re de protection des donn\u00e9es :<\/span><\/p><p><span style=\"font-weight: 400;\">Pour les r\u00e9sidents suisses (juridiction principale) :<\/span><span style=\"font-weight: 400;\"><br><\/span><span style=\"font-weight: 400;\">Pr\u00e9pos\u00e9 f\u00e9d\u00e9ral \u00e0 la protection des donn\u00e9es et \u00e0 la transparence (PFPDT)<\/span><span style=\"font-weight: 400;\"><br><\/span><span style=\"font-weight: 400;\">Site web : <\/span><a href=\"https:\/\/www.edoeb.admin.ch\/\" target=\"_blank\" rel=\"noopener\"><span style=\"font-weight: 400;\">www.edoeb.admin.ch<\/span><\/a><\/p><p><span style=\"font-weight: 400;\">Pour les r\u00e9sidents de l\u2019UE\/EEE :<\/span><span style=\"font-weight: 400;\"><br><\/span><span style=\"font-weight: 400;\">L\u2019autorit\u00e9 de protection des donn\u00e9es de votre pays de r\u00e9sidence<\/span><span style=\"font-weight: 400;\"><br><\/span><span style=\"font-weight: 400;\">Liste des autorit\u00e9s de protection des donn\u00e9es de l\u2019UE : <\/span><a href=\"https:\/\/edpb.europa.eu\/about-edpb\/board\/members_en\" target=\"_blank\" rel=\"noopener\"><span style=\"font-weight: 400;\">https:\/\/edpb.europa.eu\/about-edpb\/board\/members_en<\/span><\/a><\/p><p> <\/p>\t\t\t\t\t\t\t\t<\/div>\n\t\t\t\t\t<\/div>\n\t\t\t\t<\/div>\n\t\t\t\t<\/div>\n\t\t","protected":false},"excerpt":{"rendered":"<p>Responsable du traitement Nom de l&rsquo;entreprise : BRAINBOX &amp; COE-mail de contact : lina@power-impact.com Donn\u00e9es personnelles collect\u00e9es Lors de la prise de rendez-vous ou lorsque vous nous contactez via le formulaire, les donn\u00e9es suivantes peuvent \u00eatre collect\u00e9es : Nom et pr\u00e9nom Adresse e-mail Num\u00e9ro de t\u00e9l\u00e9phone Informations relatives \u00e0 votre demande ou projet Finalit\u00e9 du [&hellip;]<\/p>\n","protected":false},"author":1,"featured_media":0,"parent":0,"menu_order":0,"comment_status":"closed","ping_status":"closed","template":"","meta":{"footnotes":""},"class_list":["post-1431","page","type-page","status-publish","hentry"],"_links":{"self":[{"href":"https:\/\/power-impact.com\/fr\/wp-json\/wp\/v2\/pages\/1431","targetHints":{"allow":["GET"]}}],"collection":[{"href":"https:\/\/power-impact.com\/fr\/wp-json\/wp\/v2\/pages"}],"about":[{"href":"https:\/\/power-impact.com\/fr\/wp-json\/wp\/v2\/types\/page"}],"author":[{"embeddable":true,"href":"https:\/\/power-impact.com\/fr\/wp-json\/wp\/v2\/users\/1"}],"replies":[{"embeddable":true,"href":"https:\/\/power-impact.com\/fr\/wp-json\/wp\/v2\/comments?post=1431"}],"version-history":[{"count":1,"href":"https:\/\/power-impact.com\/fr\/wp-json\/wp\/v2\/pages\/1431\/revisions"}],"predecessor-version":[{"id":1432,"href":"https:\/\/power-impact.com\/fr\/wp-json\/wp\/v2\/pages\/1431\/revisions\/1432"}],"wp:attachment":[{"href":"https:\/\/power-impact.com\/fr\/wp-json\/wp\/v2\/media?parent=1431"}],"curies":[{"name":"wp","href":"https:\/\/api.w.org\/{rel}","templated":true}]}}