{"id":1393,"date":"2026-01-28T14:17:59","date_gmt":"2026-01-28T14:17:59","guid":{"rendered":"https:\/\/power-impact.com\/mentions-legales\/"},"modified":"2026-02-19T17:42:43","modified_gmt":"2026-02-19T17:42:43","slug":"mentions-legales","status":"publish","type":"page","link":"https:\/\/power-impact.com\/fr\/mentions-legales\/","title":{"rendered":"Mentions l\u00e9gales"},"content":{"rendered":"<style>.elementor-1393 .elementor-element.elementor-element-295181d{--display:flex;--flex-direction:column;--container-widget-width:100%;--container-widget-height:initial;--container-widget-flex-grow:0;--container-widget-align-self:initial;--flex-wrap-mobile:wrap;--overflow:hidden;--overlay-opacity:0.15;--padding-top:200px;--padding-bottom:100px;--padding-left:0px;--padding-right:0px;}.elementor-1393 .elementor-element.elementor-element-295181d:not(.elementor-motion-effects-element-type-background), .elementor-1393 .elementor-element.elementor-element-295181d > .elementor-motion-effects-container > .elementor-motion-effects-layer{background-color:var( --e-global-color-fdae169 );}.elementor-1393 .elementor-element.elementor-element-295181d::before, .elementor-1393 .elementor-element.elementor-element-295181d > .elementor-background-video-container::before, .elementor-1393 .elementor-element.elementor-element-295181d > .e-con-inner > .elementor-background-video-container::before, .elementor-1393 .elementor-element.elementor-element-295181d > .elementor-background-slideshow::before, .elementor-1393 .elementor-element.elementor-element-295181d > .e-con-inner > .elementor-background-slideshow::before, .elementor-1393 .elementor-element.elementor-element-295181d > .elementor-motion-effects-container > .elementor-motion-effects-layer::before{--background-overlay:'';background-image:url(\"https:\/\/power-impact.com\/wp-content\/uploads\/2026\/01\/pngtree-elegant-halftone-background-contemporary-black-gold-wallpaper-with-dotted-pattern-and-picture-image_15257298.png\");background-position:center center;background-repeat:no-repeat;background-size:cover;}.elementor-1393 .elementor-element.elementor-element-9a65b1b img{width:83%;}.elementor-1393 .elementor-element.elementor-element-9a65b1b{margin:0px 0px calc(var(--kit-widget-spacing, 0px) + 0px) 0px;width:100%;max-width:100%;top:-146.031px;}body:not(.rtl) .elementor-1393 .elementor-element.elementor-element-9a65b1b{left:-630.969px;}body.rtl .elementor-1393 .elementor-element.elementor-element-9a65b1b{right:-630.969px;}.elementor-1393 .elementor-element.elementor-element-274c846 img{width:83%;}.elementor-1393 .elementor-element.elementor-element-274c846{margin:0px 0px calc(var(--kit-widget-spacing, 0px) + 0px) 0px;width:100%;max-width:100%;top:-63.025px;--e-transform-flipX:-1;}body:not(.rtl) .elementor-1393 .elementor-element.elementor-element-274c846{left:697.025px;}body.rtl .elementor-1393 .elementor-element.elementor-element-274c846{right:697.025px;}.elementor-1393 .elementor-element.elementor-element-052726b{--display:flex;--align-items:center;--container-widget-width:calc( ( 1 - var( --container-widget-flex-grow ) ) * 100% );--gap:0px 0px;--row-gap:0px;--column-gap:0px;--padding-top:0px;--padding-bottom:0px;--padding-left:0px;--padding-right:0px;--z-index:2;}.elementor-1393 .elementor-element.elementor-element-d2d4a63{--display:flex;--padding-top:0px;--padding-bottom:0px;--padding-left:0px;--padding-right:0px;}.elementor-1393 .elementor-element.elementor-element-752387c .jeg-elementor-kit.jkit-heading{text-align:center;}.elementor-1393 .elementor-element.elementor-element-752387c .jeg-elementor-kit.jkit-heading .heading-title{font-family:var( --e-global-typography-78b6a84-font-family ), Sans-serif;font-size:var( --e-global-typography-78b6a84-font-size );font-weight:var( --e-global-typography-78b6a84-font-weight );line-height:var( --e-global-typography-78b6a84-line-height );letter-spacing:var( --e-global-typography-78b6a84-letter-spacing );word-spacing:var( --e-global-typography-78b6a84-word-spacing );color:var( --e-global-color-050bfde );}.elementor-1393 .elementor-element.elementor-element-752387c .jeg-elementor-kit.jkit-heading .heading-title > span.style-gradient{background-color:transparent;background-image:linear-gradient(146deg, var( --e-global-color-0737c8c ) 0%, var( --e-global-color-6133e2c ) 100%);}.elementor-1393 .elementor-element.elementor-element-752387c .jeg-elementor-kit.jkit-heading .heading-title > span{font-weight:400;}.elementor-1393 .elementor-element.elementor-element-752387c{margin:0px 0px calc(var(--kit-widget-spacing, 0px) + -25px) 0px;}.elementor-1393 .elementor-element.elementor-element-4416bbe0{--display:flex;}:root{--page-title-display:none;}@media(max-width:1024px){.elementor-1393 .elementor-element.elementor-element-295181d{--padding-top:160px;--padding-bottom:100px;--padding-left:30px;--padding-right:30px;}.elementor-1393 .elementor-element.elementor-element-9a65b1b img{width:90%;}body:not(.rtl) .elementor-1393 .elementor-element.elementor-element-9a65b1b{left:-387.969px;}body.rtl .elementor-1393 .elementor-element.elementor-element-9a65b1b{right:-387.969px;}.elementor-1393 .elementor-element.elementor-element-9a65b1b{top:108.969px;}body:not(.rtl) .elementor-1393 .elementor-element.elementor-element-274c846{left:376.016px;}body.rtl .elementor-1393 .elementor-element.elementor-element-274c846{right:376.016px;}.elementor-1393 .elementor-element.elementor-element-274c846{top:197.969px;}.elementor-1393 .elementor-element.elementor-element-752387c .jeg-elementor-kit.jkit-heading .heading-title{font-size:var( --e-global-typography-78b6a84-font-size );line-height:var( --e-global-typography-78b6a84-line-height );letter-spacing:var( --e-global-typography-78b6a84-letter-spacing );word-spacing:var( --e-global-typography-78b6a84-word-spacing );}.elementor-1393 .elementor-element.elementor-element-752387c{margin:0px 0px calc(var(--kit-widget-spacing, 0px) + -25px) 0px;}}@media(max-width:767px){.elementor-1393 .elementor-element.elementor-element-295181d::before, .elementor-1393 .elementor-element.elementor-element-295181d > .elementor-background-video-container::before, .elementor-1393 .elementor-element.elementor-element-295181d > .e-con-inner > .elementor-background-video-container::before, .elementor-1393 .elementor-element.elementor-element-295181d > .elementor-background-slideshow::before, .elementor-1393 .elementor-element.elementor-element-295181d > .e-con-inner > .elementor-background-slideshow::before, .elementor-1393 .elementor-element.elementor-element-295181d > .elementor-motion-effects-container > .elementor-motion-effects-layer::before{background-position:bottom right;background-size:cover;}.elementor-1393 .elementor-element.elementor-element-295181d{--padding-top:100px;--padding-bottom:100px;--padding-left:20px;--padding-right:20px;}.elementor-1393 .elementor-element.elementor-element-9a65b1b img{width:690%;max-width:600%;}.elementor-1393 .elementor-element.elementor-element-9a65b1b{width:100%;max-width:100%;top:-402.016px;}body:not(.rtl) .elementor-1393 .elementor-element.elementor-element-9a65b1b{left:-1379px;}body.rtl .elementor-1393 .elementor-element.elementor-element-9a65b1b{right:-1379px;}.elementor-1393 .elementor-element.elementor-element-274c846 img{width:600%;max-width:600%;}body:not(.rtl) .elementor-1393 .elementor-element.elementor-element-274c846{left:1268px;}body.rtl .elementor-1393 .elementor-element.elementor-element-274c846{right:1268px;}.elementor-1393 .elementor-element.elementor-element-274c846{top:1160px;}.elementor-1393 .elementor-element.elementor-element-752387c .jeg-elementor-kit.jkit-heading{text-align:center;}.elementor-1393 .elementor-element.elementor-element-752387c .jeg-elementor-kit.jkit-heading .heading-title{font-size:var( --e-global-typography-78b6a84-font-size );line-height:var( --e-global-typography-78b6a84-line-height );letter-spacing:var( --e-global-typography-78b6a84-letter-spacing );word-spacing:var( --e-global-typography-78b6a84-word-spacing );}.elementor-1393 .elementor-element.elementor-element-752387c{margin:0px 0px calc(var(--kit-widget-spacing, 0px) + -25px) 0px;}}<\/style>\t\t<div data-elementor-type=\"wp-page\" data-elementor-id=\"1393\" class=\"elementor elementor-1393 elementor-873\" data-elementor-post-type=\"page\">\n\t\t\t\t<div class=\"elementor-element elementor-element-295181d e-flex e-con-boxed e-con e-parent\" data-id=\"295181d\" data-element_type=\"container\" data-e-type=\"container\" data-settings=\"{&quot;background_background&quot;:&quot;classic&quot;}\">\n\t\t\t\t\t<div class=\"e-con-inner\">\n\t\t<div class=\"elementor-element elementor-element-052726b e-con-full e-flex e-con e-child\" data-id=\"052726b\" data-element_type=\"container\" data-e-type=\"container\">\n\t\t<div class=\"elementor-element elementor-element-d2d4a63 e-con-full e-flex e-con e-child\" data-id=\"d2d4a63\" data-element_type=\"container\" data-e-type=\"container\">\n\t\t\t\t<div class=\"elementor-element elementor-element-752387c elementor-widget elementor-widget-jkit_heading\" data-id=\"752387c\" data-element_type=\"widget\" data-e-type=\"widget\" data-widget_type=\"jkit_heading.default\">\n\t\t\t\t\t<div  class=\"jeg-elementor-kit jkit-heading  align-center align-tablet- align-mobile-center jeg_module___69ddabaf25cfb\" ><div class=\"heading-section-title  display-inline-block\"><h2 class=\"heading-title\"><span class=\"style-gradient\"><span>Mentions l\u00e9gales<\/span><\/span><\/h2><\/div><\/div>\t\t\t\t<\/div>\n\t\t\t\t<\/div>\n\t\t\t\t<\/div>\n\t\t\t\t\t<\/div>\n\t\t\t\t<\/div>\n\t\t<div class=\"elementor-element elementor-element-4416bbe0 legal-doc e-flex e-con-boxed e-con e-parent\" data-id=\"4416bbe0\" data-element_type=\"container\" data-e-type=\"container\">\n\t\t\t\t\t<div class=\"e-con-inner\">\n\t\t\t\t<div class=\"elementor-element elementor-element-08fc10e elementor-widget elementor-widget-text-editor\" data-id=\"08fc10e\" data-element_type=\"widget\" data-e-type=\"widget\" data-widget_type=\"text-editor.default\">\n\t\t\t\t\t\t\t\t\t<h2>\u00c9diteur du site<\/h2><p><span style=\"font-weight: 400;\">Raison sociale :<\/span><span style=\"font-weight: 400;\"> BRAINBOX &amp; CO<\/span><span style=\"font-weight: 400;\"><br><\/span><span style=\"font-weight: 400;\">Forme juridique :<\/span><span style=\"font-weight: 400;\"> SARL (soci\u00e9t\u00e9 \u00e0 responsabilit\u00e9 limit\u00e9e \u2013 droit suisse)<\/span><span style=\"font-weight: 400;\"><br><\/span><span style=\"font-weight: 400;\">Num\u00e9ro d\u2019immatriculation :<\/span><span style=\"font-weight: 400;\"> CH-036.4.084.767-5<\/span><span style=\"font-weight: 400;\"><br><\/span><span style=\"font-weight: 400;\">Adresse du si\u00e8ge social :<\/span><span style=\"font-weight: 400;\"> La Reposi\u00e8re 16, CH-2516 Lamboing, Suisse<\/span><span style=\"font-weight: 400;\"><br><\/span><span style=\"font-weight: 400;\">E-mail :<\/span><span style=\"font-weight: 400;\"> lina@power-impact.com<\/span><span style=\"font-weight: 400;\"><br><\/span><span style=\"font-weight: 400;\">T\u00e9l\u00e9phone :<\/span><span style=\"font-weight: 400;\"> +41 79 563 68 88<\/span><\/p><h2>Responsable de la publication<\/h2><p><span style=\"font-weight: 400;\">Lina Racine<\/span><\/p><h2>H\u00e9bergeur<\/h2><p><span style=\"font-weight: 400;\">Nom :<\/span> <span style=\"font-weight: 400;\">Infomaniak Network SA<\/span><span style=\"font-weight: 400;\"><br><\/span><span style=\"font-weight: 400;\">Adresse :<\/span> <span style=\"font-weight: 400;\">Rue Eug\u00e8ne-Marziano 25, 1227 Les Acacias, Gen\u00e8ve, Suisse <\/span> <\/p><p><span style=\"font-weight: 400;\">T\u00e9l\u00e9phone :<\/span><a href=\"tel:+41228203544\"><span style=\"font-weight: 400;\"> +41 22 820 35 44 <\/span><\/a> <\/p><p><span style=\"font-weight: 400;\">Fax :<\/span> <span style=\"font-weight: 400;\">+41 22 820 35 46<\/span><span style=\"font-weight: 400;\"><br><\/span><span style=\"font-weight: 400;\">E-mail :<\/span> <a href=\"https:\/\/www.infomaniak.com\/fr\/support\/faq\/1993\/creer-une-adresse-mail-ou-la-supprimer\" target=\"_blank\" rel=\"noopener\"><span style=\"font-weight: 400;\">mail.infomaniak.com<\/span><\/a><span style=\"font-weight: 400;\"> <\/span><\/p><p><span style=\"font-weight: 400;\">Site web :<\/span> <a href=\"https:\/\/www.infomaniak.com\/\" target=\"_blank\" rel=\"noopener\"><span style=\"font-weight: 400;\">https:\/\/www.infomaniak.com<\/span><\/a><\/p><h2>Droits de propri\u00e9t\u00e9 intellectuelle<\/h2><p><span style=\"font-weight: 400;\">L\u2019ensemble des contenus disponibles sur le site power-impact.com, notamment les textes, images, graphismes, logos et la mise en page, est la propri\u00e9t\u00e9 exclusive de BRAINBOX &amp; CO, sauf mention contraire.<\/span><\/p><p><span style=\"font-weight: 400;\">Toute reproduction, distribution, modification ou utilisation de ces contenus sans autorisation \u00e9crite pr\u00e9alable est strictement interdite et constitue une violation des droits de propri\u00e9t\u00e9 intellectuelle.<\/span><\/p><p> <\/p>\t\t\t\t\t\t\t\t<\/div>\n\t\t\t\t\t<\/div>\n\t\t\t\t<\/div>\n\t\t\t\t<\/div>\n\t\t","protected":false},"excerpt":{"rendered":"<p>\u00c9diteur du site Raison sociale : BRAINBOX &amp; COForme juridique : SARL (soci\u00e9t\u00e9 \u00e0 responsabilit\u00e9 limit\u00e9e \u2013 droit suisse)Num\u00e9ro d\u2019immatriculation : CH-036.4.084.767-5Adresse du si\u00e8ge social : La Reposi\u00e8re 16, CH-2516 Lamboing, SuisseE-mail : lina@power-impact.comT\u00e9l\u00e9phone : +41 79 563 68 88 Responsable de la publication Lina Racine H\u00e9bergeur Nom : Infomaniak Network SAAdresse : Rue Eug\u00e8ne-Marziano [&hellip;]<\/p>\n","protected":false},"author":1,"featured_media":0,"parent":0,"menu_order":0,"comment_status":"closed","ping_status":"closed","template":"","meta":{"footnotes":""},"class_list":["post-1393","page","type-page","status-publish","hentry"],"_links":{"self":[{"href":"https:\/\/power-impact.com\/fr\/wp-json\/wp\/v2\/pages\/1393","targetHints":{"allow":["GET"]}}],"collection":[{"href":"https:\/\/power-impact.com\/fr\/wp-json\/wp\/v2\/pages"}],"about":[{"href":"https:\/\/power-impact.com\/fr\/wp-json\/wp\/v2\/types\/page"}],"author":[{"embeddable":true,"href":"https:\/\/power-impact.com\/fr\/wp-json\/wp\/v2\/users\/1"}],"replies":[{"embeddable":true,"href":"https:\/\/power-impact.com\/fr\/wp-json\/wp\/v2\/comments?post=1393"}],"version-history":[{"count":1,"href":"https:\/\/power-impact.com\/fr\/wp-json\/wp\/v2\/pages\/1393\/revisions"}],"predecessor-version":[{"id":1394,"href":"https:\/\/power-impact.com\/fr\/wp-json\/wp\/v2\/pages\/1393\/revisions\/1394"}],"wp:attachment":[{"href":"https:\/\/power-impact.com\/fr\/wp-json\/wp\/v2\/media?parent=1393"}],"curies":[{"name":"wp","href":"https:\/\/api.w.org\/{rel}","templated":true}]}}